{"id":2952,"date":"2023-03-07T11:50:20","date_gmt":"2023-03-07T08:50:20","guid":{"rendered":"https:\/\/kirayteks.com\/?page_id=2952"},"modified":"2023-03-07T11:56:37","modified_gmt":"2023-03-07T08:56:37","slug":"kalite-politikamiz","status":"publish","type":"page","link":"https:\/\/kirayteks.com\/tr\/kalite-politikamiz\/","title":{"rendered":"Kalite ve Enerji Politikam\u0131z"},"content":{"rendered":"<h3>Kalite Politikam\u0131z<\/h3>\n<p><strong>S\u0130STEM VE TAKIM \u00c7ALI\u015eMASI \u0130LE KAL\u0130TEY\u0130 \u00dcRETMEK<\/strong><\/p>\n<ul class=\"ul1\" style=\"list-style: circle;\">\n<li class=\"li1\">\u00dcr\u00fcn ve hizmetlerimizin kalitesinde, verimlili\u011finde ve yapt\u0131\u011f\u0131m\u0131z her i\u015fte \u201cs\u00fcrekli geli\u015fme i\u00e7inde\u201d olmak<\/li>\n<li class=\"li1\">Ara\u015ft\u0131rma ve geli\u015ftirme yolu ile i\u015f s\u00fcre\u00e7lerimizi s\u00fcrekli iyile\u015ftirmek, modern teknoloji kullanarak istenen kalite ve verimlili\u011fe ilk seferde ve uygun kaynaklarla ula\u015fmak, i\u00e7 ve d\u0131\u015f pazarda rekabet g\u00fcc\u00fcm\u00fcz\u00fc artt\u0131rmak<\/li>\n<li class=\"li1\">M\u00fc\u015fterilerimizin memnuniyetini \u00f6n planda tutarak, y\u00fcksek katma de\u011ferli \u00fcr\u00fcn ve servis ile ve daima kaliteli \u00fcr\u00fcnlerle Pazar talep ve beklentilerini kar\u015f\u0131lamak<\/li>\n<li class=\"li1\">T\u00fcm \u00e7al\u0131\u015fanlar\u0131m\u0131zda kalite bilincini olu\u015fturarak, ekip \u00e7al\u0131\u015fmas\u0131na \u00f6nem vererek kalite d\u00fczeyimizi s\u00fcrekli olarak y\u00fckseltmek<\/li>\n<li class=\"li1\">Yasal mevzuatlara ve Kalite y\u00f6netim sisteminin \u015fartlar\u0131na uyarak, kalite odakl\u0131 ve sistematik bir yakla\u015f\u0131m sergilemek ve kalite y\u00f6netim sistemimizin etkinli\u011fini artt\u0131rmak<\/li>\n<li class=\"li2\">\u00c7al\u0131\u015fanlar\u0131m\u0131z\u0131, toplumu ve tedarik\u00e7ilerimizi kapsayacak \u015fekilde; \u0130\u015f sa\u011fl\u0131\u011f\u0131, \u0130\u015f g\u00fcvenli\u011fi, \u00c7evre konular\u0131na duyarl\u0131 yakla\u015farak S\u00fcrd\u00fcr\u00fclebilirlik odakl\u0131 olmak<\/li>\n<\/ul>\n<h3 class=\"mt-4\">Enerji Politikam\u0131z<\/h3>\n<p><strong>KIRAYTEKS TEKST\u0130L A.\u015e. olarak biz; <\/strong><\/p>\n<ul class=\"ul1\" style=\"list-style: circle;\">\n<li class=\"li1\">ISO 50001 Enerji Y\u00f6netim Sistemi standard\u0131 ile uyumlu sistem kurulumu ger\u00e7ekle\u015ftirmeyi ve s\u00fcreklili\u011fini sa\u011flamay\u0131,<\/li>\n<li class=\"li1\">Enerji ile ilgili t\u00fcm yasa ve y\u00f6netmelikleri takip ederek gerekliliklerini yerine getirmeyi,<\/li>\n<li class=\"li1\">T\u00fcm payda\u015flarla Enerji Y\u00f6netimi ile ilgili konularda ortak de\u011fer ve faydal\u0131 sonu\u00e7lar yaratmak \u00fczere etkin ileti\u015fim kurmay\u0131,<\/li>\n<li class=\"li1\">Enerjiyi kontrol alt\u0131nda tutacak uygun kaynak ve teknolojileri kullanmay\u0131,<\/li>\n<li class=\"li1\">T\u00fcm s\u00fcre\u00e7lerde enerji etkinli\u011fi ve yo\u011funlu\u011funu i\u00e7eren enerji performans de\u011ferlerini y\u00fckseltmeyi,<\/li>\n<li class=\"li1\">Enerji t\u00fcketimini azaltmay\u0131, enerji verimlili\u011fi ile ilgili s\u00fcrekli geli\u015fmeye y\u00f6nelik iyile\u015ftirme yapmay\u0131, bunlar\u0131n uygulanmas\u0131n\u0131 ve sonu\u00e7lar\u0131n\u0131 takip etmeyi,<\/li>\n<li class=\"li1\">Enerji performans\u0131n\u0131n iyile\u015ftirilmesi i\u00e7in enerji-verimli \u00fcr\u00fcnler kullanmay\u0131, hizmetlerin sat\u0131n al\u0131nmas\u0131 ve ilgili tasar\u0131m \u00e7al\u0131\u015fmalar\u0131n\u0131n yap\u0131lmas\u0131 veya tedarik edilmesini sa\u011flamay\u0131,<\/li>\n<li class=\"li1\">Y\u00f6netimimiz taraf\u0131ndan, \u00e7al\u0131\u015fanlar\u0131m\u0131z\u0131n da kat\u0131l\u0131m\u0131yla politikaya uyumlu hedefler koymay\u0131, bu hedeflere ula\u015fmak i\u00e7in aksiyonlar olu\u015fturmay\u0131 ve gereken kayna\u011f\u0131 sa\u011flamay\u0131,<\/li>\n<li class=\"li1\">Enerji Y\u00f6netim Sistemimizi s\u00fcrekli iyile\u015ftirmeyi, dok\u00fcmante etmeyi, t\u00fcm birimlere duyurmay\u0131, g\u00f6zden ge\u00e7irmeyi ve g\u00fcncelli\u011finin sa\u011flamay\u0131,<\/li>\n<li class=\"li1\">Enerji duyarl\u0131l\u0131\u011f\u0131 konusunda t\u00fcm \u00e7al\u0131\u015fanlar\u0131m\u0131z\u0131 bilin\u00e7lendirmeyi,<\/li>\n<li class=\"li1\">Payda\u015flar\u0131m\u0131z, tedarik\u00e7ilerimiz ve t\u00fcm \u00e7al\u0131\u015fanlar\u0131m\u0131zla i\u015f birli\u011fi i\u00e7inde kar\u015f\u0131l\u0131kl\u0131 yararlar do\u011frultusunda \u00e7al\u0131\u015fmalar\u0131m\u0131z\u0131 s\u00fcrd\u00fcrmeyi,<\/li>\n<li class=\"li1\">Enerji kapsam\u0131ndaki hedefler ve ama\u00e7lara ula\u015fmak i\u00e7in \u00fcst y\u00f6netimimiz t\u00fcm bilgi ve kaynaklar\u0131 sa\u011flamay\u0131 taahh\u00fct etmektedir.<\/li>\n<\/ul>\n","protected":false},"excerpt":{"rendered":"<p>Kalite Politikam\u0131z S\u0130STEM VE TAKIM \u00c7ALI\u015eMASI \u0130LE KAL\u0130TEY\u0130 \u00dcRETMEK \u00dcr\u00fcn ve hizmetlerimizin kalitesinde, verimlili\u011finde ve yapt\u0131\u011f\u0131m\u0131z her i\u015fte \u201cs\u00fcrekli geli\u015fme i\u00e7inde\u201d olmak Ara\u015ft\u0131rma ve geli\u015ftirme yolu ile i\u015f s\u00fcre\u00e7lerimizi s\u00fcrekli iyile\u015ftirmek, modern teknoloji kullanarak istenen kalite ve verimlili\u011fe ilk seferde ve uygun kaynaklarla ula\u015fmak, i\u00e7 ve d\u0131\u015f pazarda rekabet g\u00fcc\u00fcm\u00fcz\u00fc artt\u0131rmak M\u00fc\u015fterilerimizin memnuniyetini \u00f6n planda [&hellip;]<\/p>\n","protected":false},"author":1,"featured_media":0,"parent":0,"menu_order":16,"comment_status":"closed","ping_status":"closed","template":"","meta":{"footnotes":""},"class_list":["post-2952","page","type-page","status-publish","hentry"],"jetpack_sharing_enabled":true,"_links":{"self":[{"href":"https:\/\/kirayteks.com\/tr\/wp-json\/wp\/v2\/pages\/2952","targetHints":{"allow":["GET"]}}],"collection":[{"href":"https:\/\/kirayteks.com\/tr\/wp-json\/wp\/v2\/pages"}],"about":[{"href":"https:\/\/kirayteks.com\/tr\/wp-json\/wp\/v2\/types\/page"}],"author":[{"embeddable":true,"href":"https:\/\/kirayteks.com\/tr\/wp-json\/wp\/v2\/users\/1"}],"replies":[{"embeddable":true,"href":"https:\/\/kirayteks.com\/tr\/wp-json\/wp\/v2\/comments?post=2952"}],"version-history":[{"count":7,"href":"https:\/\/kirayteks.com\/tr\/wp-json\/wp\/v2\/pages\/2952\/revisions"}],"predecessor-version":[{"id":2959,"href":"https:\/\/kirayteks.com\/tr\/wp-json\/wp\/v2\/pages\/2952\/revisions\/2959"}],"wp:attachment":[{"href":"https:\/\/kirayteks.com\/tr\/wp-json\/wp\/v2\/media?parent=2952"}],"curies":[{"name":"wp","href":"https:\/\/api.w.org\/{rel}","templated":true}]}}